{"id":9,"date":"2020-06-08T17:47:53","date_gmt":"2020-06-08T17:47:53","guid":{"rendered":"https:\/\/genero-y-trabajo-infantil.iniciativa2025alc.org\/?page_id=9"},"modified":"2022-02-03T18:11:03","modified_gmt":"2022-02-03T18:11:03","slug":"presentacion","status":"publish","type":"page","link":"https:\/\/genero-y-trabajo-infantil.iniciativa2025alc.org\/en\/presentacion\/","title":{"rendered":"Presentation"},"content":{"rendered":"<div data-elementor-type=\"wp-page\" data-elementor-id=\"9\" class=\"elementor elementor-9\" data-elementor-post-type=\"page\">\n\t\t\t\t\t\t<div class=\"elementor-inner\">\n\t\t\t\t<div class=\"elementor-section-wrap\">\n\t\t\t\t\t\t\t\t\t<section class=\"elementor-section elementor-top-section elementor-element elementor-element-3374936 elementor-section-boxed elementor-section-height-default elementor-section-height-default\" data-id=\"3374936\" data-element_type=\"section\" data-settings=\"{&quot;jet_parallax_layout_list&quot;:[{&quot;jet_parallax_layout_image&quot;:{&quot;url&quot;:&quot;&quot;,&quot;id&quot;:&quot;&quot;,&quot;size&quot;:&quot;&quot;},&quot;_id&quot;:&quot;5d39df6&quot;,&quot;jet_parallax_layout_image_tablet&quot;:{&quot;url&quot;:&quot;&quot;,&quot;id&quot;:&quot;&quot;,&quot;size&quot;:&quot;&quot;},&quot;jet_parallax_layout_image_mobile&quot;:{&quot;url&quot;:&quot;&quot;,&quot;id&quot;:&quot;&quot;,&quot;size&quot;:&quot;&quot;},&quot;jet_parallax_layout_speed&quot;:{&quot;unit&quot;:&quot;%&quot;,&quot;size&quot;:50,&quot;sizes&quot;:[]},&quot;jet_parallax_layout_type&quot;:&quot;scroll&quot;,&quot;jet_parallax_layout_direction&quot;:null,&quot;jet_parallax_layout_fx_direction&quot;:null,&quot;jet_parallax_layout_z_index&quot;:&quot;&quot;,&quot;jet_parallax_layout_bg_x&quot;:50,&quot;jet_parallax_layout_bg_x_tablet&quot;:&quot;&quot;,&quot;jet_parallax_layout_bg_x_mobile&quot;:&quot;&quot;,&quot;jet_parallax_layout_bg_y&quot;:50,&quot;jet_parallax_layout_bg_y_tablet&quot;:&quot;&quot;,&quot;jet_parallax_layout_bg_y_mobile&quot;:&quot;&quot;,&quot;jet_parallax_layout_bg_size&quot;:&quot;auto&quot;,&quot;jet_parallax_layout_bg_size_tablet&quot;:&quot;&quot;,&quot;jet_parallax_layout_bg_size_mobile&quot;:&quot;&quot;,&quot;jet_parallax_layout_animation_prop&quot;:&quot;transform&quot;,&quot;jet_parallax_layout_on&quot;:[&quot;desktop&quot;,&quot;tablet&quot;]}]}\">\n\t\t\t\t\t\t<div class=\"elementor-container elementor-column-gap-default\">\n\t\t\t\t\t\t\t<div class=\"elementor-row\">\n\t\t\t\t\t<div class=\"elementor-column elementor-col-100 elementor-top-column elementor-element elementor-element-0073fd1\" data-id=\"0073fd1\" data-element_type=\"column\">\n\t\t\t<div class=\"elementor-column-wrap elementor-element-populated\">\n\t\t\t\t\t\t\t<div class=\"elementor-widget-wrap\">\n\t\t\t\t\t\t<section class=\"elementor-section elementor-inner-section elementor-element elementor-element-0ca0ac3 elementor-section-boxed elementor-section-height-default elementor-section-height-default\" data-id=\"0ca0ac3\" data-element_type=\"section\" data-settings=\"{&quot;jet_parallax_layout_list&quot;:[{&quot;jet_parallax_layout_image&quot;:{&quot;url&quot;:&quot;&quot;,&quot;id&quot;:&quot;&quot;,&quot;size&quot;:&quot;&quot;},&quot;_id&quot;:&quot;eda5956&quot;,&quot;jet_parallax_layout_image_tablet&quot;:{&quot;url&quot;:&quot;&quot;,&quot;id&quot;:&quot;&quot;,&quot;size&quot;:&quot;&quot;},&quot;jet_parallax_layout_image_mobile&quot;:{&quot;url&quot;:&quot;&quot;,&quot;id&quot;:&quot;&quot;,&quot;size&quot;:&quot;&quot;},&quot;jet_parallax_layout_speed&quot;:{&quot;unit&quot;:&quot;%&quot;,&quot;size&quot;:50,&quot;sizes&quot;:[]},&quot;jet_parallax_layout_type&quot;:&quot;scroll&quot;,&quot;jet_parallax_layout_direction&quot;:null,&quot;jet_parallax_layout_fx_direction&quot;:null,&quot;jet_parallax_layout_z_index&quot;:&quot;&quot;,&quot;jet_parallax_layout_bg_x&quot;:50,&quot;jet_parallax_layout_bg_x_tablet&quot;:&quot;&quot;,&quot;jet_parallax_layout_bg_x_mobile&quot;:&quot;&quot;,&quot;jet_parallax_layout_bg_y&quot;:50,&quot;jet_parallax_layout_bg_y_tablet&quot;:&quot;&quot;,&quot;jet_parallax_layout_bg_y_mobile&quot;:&quot;&quot;,&quot;jet_parallax_layout_bg_size&quot;:&quot;auto&quot;,&quot;jet_parallax_layout_bg_size_tablet&quot;:&quot;&quot;,&quot;jet_parallax_layout_bg_size_mobile&quot;:&quot;&quot;,&quot;jet_parallax_layout_animation_prop&quot;:&quot;transform&quot;,&quot;jet_parallax_layout_on&quot;:[&quot;desktop&quot;,&quot;tablet&quot;]}]}\">\n\t\t\t\t\t\t<div class=\"elementor-container elementor-column-gap-default\">\n\t\t\t\t\t\t\t<div class=\"elementor-row\">\n\t\t\t\t\t<div class=\"elementor-column elementor-col-50 elementor-inner-column elementor-element elementor-element-cd1980c\" data-id=\"cd1980c\" data-element_type=\"column\">\n\t\t\t<div class=\"elementor-column-wrap elementor-element-populated\">\n\t\t\t\t\t\t\t<div class=\"elementor-widget-wrap\">\n\t\t\t\t\t\t<div class=\"elementor-element elementor-element-d251e15 elementor-widget elementor-widget-heading\" data-id=\"d251e15\" data-element_type=\"widget\" data-widget_type=\"heading.default\">\n\t\t\t\t<div class=\"elementor-widget-container\">\n\t\t\t<h2 class=\"elementor-heading-title elementor-size-default\">PRESENTATION<\/h2>\t\t<\/div>\n\t\t\t\t<\/div>\n\t\t\t\t<div class=\"elementor-element elementor-element-c053485 elementor-widget-divider--view-line elementor-widget elementor-widget-divider\" data-id=\"c053485\" data-element_type=\"widget\" data-widget_type=\"divider.default\">\n\t\t\t\t<div class=\"elementor-widget-container\">\n\t\t\t\t\t<div class=\"elementor-divider\">\n\t\t\t<span class=\"elementor-divider-separator\">\n\t\t\t\t\t\t<\/span>\n\t\t<\/div>\n\t\t\t\t<\/div>\n\t\t\t\t<\/div>\n\t\t\t\t<div class=\"elementor-element elementor-element-f06153c elementor-widget elementor-widget-text-editor\" data-id=\"f06153c\" data-element_type=\"widget\" data-widget_type=\"text-editor.default\">\n\t\t\t\t<div class=\"elementor-widget-container\">\n\t\t\t\t\t\t\t\t<div class=\"elementor-text-editor elementor-clearfix\">\n\t\t\t\t<div id=\"u127\" class=\"ax_default paragraph\"><div id=\"u127_text\" class=\"text\"><p>Gender equality is necessary for sustainable development and to improve the well-being of all people. That is why the <strong>Regional Initiative for Latin America and the Caribbean Free of Child Labour<\/strong>\u00a0incorporates the gender approach to make visible and confront the inequalities that especially affect girls, boys and adolescents due to the intersections between gender and child labour.<\/p><p>In line with this objective, the International Labour Organization (ILO) -in its capacity as Technical Secretariat of the Regional Initiative- carried out a mapping to identify and offer existing information resources at the global, regional and country levels, in Spanish, English, French and Portuguese. These resources recognize and provide information about the situation of girls, boys and adolescents in child labour and gender.<\/p><p>This systematization aims to provide documentation and tools for mainstreaming the gender approach in public policies and programs, making available the international regulatory framework on equality matters, and promoting the promotion of the rights of children and adolescents in all interactions that may involve gender inequality and discrimination.<\/p><p>The results of the mapping can be seen in this <strong>Toolbox on Gender, Children and Adolescents in Child Labour.<\/strong><\/p><\/div><\/div>\t\t\t\t\t<\/div>\n\t\t\t\t\t\t<\/div>\n\t\t\t\t<\/div>\n\t\t\t\t<div class=\"elementor-element elementor-element-ea41028 elementor-widget elementor-widget-image\" data-id=\"ea41028\" data-element_type=\"widget\" data-widget_type=\"image.default\">\n\t\t\t\t<div class=\"elementor-widget-container\">\n\t\t\t\t\t\t\t\t<div class=\"elementor-image\">\n\t\t\t\t\t\t\t\t\t\t\t\t<img decoding=\"async\" width=\"665\" height=\"462\" src=\"https:\/\/genero-y-trabajo-infantil.iniciativa2025alc.org\/wp-content\/uploads\/2020\/08\/presentacion-img2.png\" class=\"attachment-large size-large wp-image-2518\" alt=\"\" loading=\"lazy\" srcset=\"https:\/\/genero-y-trabajo-infantil.iniciativa2025alc.org\/wp-content\/uploads\/2020\/08\/presentacion-img2.png 665w, https:\/\/genero-y-trabajo-infantil.iniciativa2025alc.org\/wp-content\/uploads\/2020\/08\/presentacion-img2-300x208.png 300w\" sizes=\"(max-width: 665px) 100vw, 665px\" \/>\t\t\t\t\t\t\t\t\t\t\t\t\t\t<\/div>\n\t\t\t\t\t\t<\/div>\n\t\t\t\t<\/div>\n\t\t\t\t\t\t<\/div>\n\t\t\t\t\t<\/div>\n\t\t<\/div>\n\t\t\t\t<div class=\"elementor-column elementor-col-50 elementor-inner-column elementor-element elementor-element-99ae064\" data-id=\"99ae064\" data-element_type=\"column\">\n\t\t\t<div class=\"elementor-column-wrap elementor-element-populated\">\n\t\t\t\t\t\t\t<div class=\"elementor-widget-wrap\">\n\t\t\t\t\t\t<div class=\"elementor-element elementor-element-1ba0d9d elementor-widget elementor-widget-image\" data-id=\"1ba0d9d\" data-element_type=\"widget\" data-widget_type=\"image.default\">\n\t\t\t\t<div class=\"elementor-widget-container\">\n\t\t\t\t\t\t\t\t<div class=\"elementor-image\">\n\t\t\t\t\t\t\t\t\t\t\t\t<img decoding=\"async\" width=\"645\" height=\"562\" src=\"https:\/\/genero-y-trabajo-infantil.iniciativa2025alc.org\/wp-content\/uploads\/2020\/08\/presentacion-img1.png\" class=\"attachment-large size-large wp-image-2517\" alt=\"\" loading=\"lazy\" srcset=\"https:\/\/genero-y-trabajo-infantil.iniciativa2025alc.org\/wp-content\/uploads\/2020\/08\/presentacion-img1.png 645w, https:\/\/genero-y-trabajo-infantil.iniciativa2025alc.org\/wp-content\/uploads\/2020\/08\/presentacion-img1-300x261.png 300w\" sizes=\"(max-width: 645px) 100vw, 645px\" \/>\t\t\t\t\t\t\t\t\t\t\t\t\t\t<\/div>\n\t\t\t\t\t\t<\/div>\n\t\t\t\t<\/div>\n\t\t\t\t<div class=\"elementor-element elementor-element-4fc6bac elementor-widget elementor-widget-text-editor\" data-id=\"4fc6bac\" data-element_type=\"widget\" data-widget_type=\"text-editor.default\">\n\t\t\t\t<div class=\"elementor-widget-container\">\n\t\t\t\t\t\t\t\t<div class=\"elementor-text-editor elementor-clearfix\">\n\t\t\t\t<div id=\"u127\" class=\"ax_default paragraph\"><div id=\"u127_text\" class=\"text\"><p>It has been carried out considering the 30 member countries of the Regional Initiative, including documentation at the regional and sub-regional level.\u00a0<\/p><p>Resources are classified into:<\/p><\/div><\/div>\t\t\t\t\t<\/div>\n\t\t\t\t\t\t<\/div>\n\t\t\t\t<\/div>\n\t\t\t\t<div class=\"elementor-element elementor-element-73b5f2b elementor-widget elementor-widget-text-editor\" data-id=\"73b5f2b\" data-element_type=\"widget\" data-widget_type=\"text-editor.default\">\n\t\t\t\t<div class=\"elementor-widget-container\">\n\t\t\t\t\t\t\t\t<div class=\"elementor-text-editor elementor-clearfix\">\n\t\t\t\t<div id=\"u127\" class=\"ax_default paragraph\"><div id=\"u127_text\" class=\"text\"><p>1. Studies and research<\/p><p>2. Manuals, guidelines and courses\u00a0<\/p><p>3. Reports<\/p><p>4. Regulatory framework<\/p><p>5. Experience systematization<\/p><p>6. Observatories<\/p><p>7. Gender indicators or indices\u00a0<\/p><\/div><\/div>\t\t\t\t\t<\/div>\n\t\t\t\t\t\t<\/div>\n\t\t\t\t<\/div>\n\t\t\t\t<div class=\"elementor-element elementor-element-0ad8136 elementor-widget elementor-widget-text-editor\" data-id=\"0ad8136\" data-element_type=\"widget\" data-widget_type=\"text-editor.default\">\n\t\t\t\t<div class=\"elementor-widget-container\">\n\t\t\t\t\t\t\t\t<div class=\"elementor-text-editor elementor-clearfix\">\n\t\t\t\t<div id=\"u127\" class=\"ax_default paragraph\"><div id=\"u127_text\" class=\"text\"><p>At the same time, they are also classified according to their relevance and approach to the specific matter into:<\/p><\/div><\/div>\t\t\t\t\t<\/div>\n\t\t\t\t\t\t<\/div>\n\t\t\t\t<\/div>\n\t\t\t\t<div class=\"elementor-element elementor-element-3ecef2f elementor-widget elementor-widget-text-editor\" data-id=\"3ecef2f\" data-element_type=\"widget\" data-widget_type=\"text-editor.default\">\n\t\t\t\t<div class=\"elementor-widget-container\">\n\t\t\t\t\t\t\t\t<div class=\"elementor-text-editor elementor-clearfix\">\n\t\t\t\t<div id=\"u127\" class=\"ax_default paragraph\"><div id=\"u127_text\" class=\"text\"><p>1. International Organization<\/p><p>2. Public Institutions<\/p><p>3. Civil Society Organizations<\/p><\/div><\/div>\t\t\t\t\t<\/div>\n\t\t\t\t\t\t<\/div>\n\t\t\t\t<\/div>\n\t\t\t\t<div class=\"elementor-element elementor-element-15018a8 elementor-widget elementor-widget-text-editor\" data-id=\"15018a8\" data-element_type=\"widget\" data-widget_type=\"text-editor.default\">\n\t\t\t\t<div class=\"elementor-widget-container\">\n\t\t\t\t\t\t\t\t<div class=\"elementor-text-editor elementor-clearfix\">\n\t\t\t\t<div id=\"u127\" class=\"ax_default paragraph\"><div id=\"u127_text\" class=\"text\"><p>In a complementary manner, the section Links of interest is included, which aims to make available a list of websites of civil society organizations and equality institutions that address the issue of gender in the member countries of the Regional Initiative.<\/p><\/div><\/div>\t\t\t\t\t<\/div>\n\t\t\t\t\t\t<\/div>\n\t\t\t\t<\/div>\n\t\t\t\t\t\t<\/div>\n\t\t\t\t\t<\/div>\n\t\t<\/div>\n\t\t\t\t\t\t\t\t<\/div>\n\t\t\t\t\t<\/div>\n\t\t<\/section>\n\t\t\t\t\t\t<\/div>\n\t\t\t\t\t<\/div>\n\t\t<\/div>\n\t\t\t\t\t\t\t\t<\/div>\n\t\t\t\t\t<\/div>\n\t\t<\/section>\n\t\t\t\t\t\t\t\t\t<\/div>\n\t\t\t<\/div>\n\t\t\t\t\t<\/div>","protected":false},"excerpt":{"rendered":"<p>PRESENTACI\u00d3N La igualdad de g\u00e9nero es necesaria para el desarrollo sostenible y para mejorar el bienestar de todas las personas. Es por ello que la Iniciativa Regional Am\u00e9rica Latina y el Caribe libre de Trabajo Infantil&nbsp;incorpora el enfoque de g\u00e9nero para visibilizar y afrontar las desigualdades que afectan especialmente a ni\u00f1as, ni\u00f1os y adolescentes debido [&hellip;]<\/p>","protected":false},"author":1,"featured_media":0,"parent":0,"menu_order":0,"comment_status":"closed","ping_status":"closed","template":"","meta":[],"acf":[],"_links":{"self":[{"href":"https:\/\/genero-y-trabajo-infantil.iniciativa2025alc.org\/en\/wp-json\/wp\/v2\/pages\/9"}],"collection":[{"href":"https:\/\/genero-y-trabajo-infantil.iniciativa2025alc.org\/en\/wp-json\/wp\/v2\/pages"}],"about":[{"href":"https:\/\/genero-y-trabajo-infantil.iniciativa2025alc.org\/en\/wp-json\/wp\/v2\/types\/page"}],"author":[{"embeddable":true,"href":"https:\/\/genero-y-trabajo-infantil.iniciativa2025alc.org\/en\/wp-json\/wp\/v2\/users\/1"}],"replies":[{"embeddable":true,"href":"https:\/\/genero-y-trabajo-infantil.iniciativa2025alc.org\/en\/wp-json\/wp\/v2\/comments?post=9"}],"version-history":[{"count":4,"href":"https:\/\/genero-y-trabajo-infantil.iniciativa2025alc.org\/en\/wp-json\/wp\/v2\/pages\/9\/revisions"}],"predecessor-version":[{"id":4761,"href":"https:\/\/genero-y-trabajo-infantil.iniciativa2025alc.org\/en\/wp-json\/wp\/v2\/pages\/9\/revisions\/4761"}],"wp:attachment":[{"href":"https:\/\/genero-y-trabajo-infantil.iniciativa2025alc.org\/en\/wp-json\/wp\/v2\/media?parent=9"}],"curies":[{"name":"wp","href":"https:\/\/api.w.org\/{rel}","templated":true}]}}